{"id":404,"date":"2026-03-20T14:06:33","date_gmt":"2026-03-20T13:06:33","guid":{"rendered":"https:\/\/fseschueler12.bplaced.net\/wordpress\/front_page\/"},"modified":"2026-03-26T09:24:47","modified_gmt":"2026-03-26T08:24:47","slug":"front_page","status":"publish","type":"page","link":"https:\/\/fseschueler12.bplaced.net\/wordpress\/","title":{"rendered":"Willkommen zu meiner Elektrotechnik\u2011Formelsammlung"},"content":{"rendered":"\n<p>Diese Seite bietet eine klar strukturierte, praxisorientierte und leicht verst\u00e4ndliche Sammlung der wichtigsten Formeln der Elektrotechnik. Alle Inhalte sind \u00fcbersichtlich aufgebaut, mit Beispielen erg\u00e4nzt und ideal f\u00fcr Ausbildung, Weiterbildung und berufliche Praxis.<\/p>\n\n\n\n<h3 class=\"wp-block-heading\">Was dich hier erwartet<\/h3>\n\n\n\n<figure class=\"wp-block-table\"><table class=\"has-fixed-layout\"><tbody><tr><th>Bereich<\/th><\/tr><tr><td><strong>Grundlagen der Elektrotechnik<\/strong><br>Ohmsches Gesetz, Leistung, Energie, komplexe Gr\u00f6\u00dfen, Phasoren<\/td><\/tr><tr><td><strong>Wechselstromtechnik<\/strong><br>Impedanzen, Admittanzen, Zeigerdiagramme, Blindleistung, Wirkleistung<\/td><\/tr><tr><td><strong>Drehstromsysteme<\/strong><br>Stern\u2011 und Dreieckschaltung, Strang\u2011 und Leiterspannungen, Str\u00f6me, Leistungsberechnung<\/td><\/tr><tr><td><strong>Sternpunktverschiebung &amp; Neutralleiter<\/strong><br>Neutralleiterstrom, k\u00fcnstlicher Sternpunkt, unsymmetrische Belastungen<\/td><\/tr><tr><td><strong>Bauelemente &amp; Ersatzschaltbilder<\/strong><br>R, L, C, Serien\u2011 und Parallelschaltungen, Teilspannungen, komplexe Aufteilung<\/td><\/tr><\/tbody><\/table><\/figure>\n\n\n\n<h3 class=\"wp-block-heading\">\u00dcber diese Seite<\/h3>\n\n\n\n<figure class=\"wp-block-table\"><table class=\"has-fixed-layout\"><tbody><tr><th>Info<\/th><\/tr><tr><td>Diese Formelsammlung wurde erstellt von <strong>Philip Rickmann \u2013 FSE1\u201125<\/strong> mit dem Ziel, Elektrotechnik klar, verst\u00e4ndlich und praxisnah aufzubereiten.<\/td><\/tr><\/tbody><\/table><\/figure>\n","protected":false},"excerpt":{"rendered":"<p>Diese Seite bietet eine klar strukturierte, praxisorientierte und leicht verst\u00e4ndliche Sammlung der wichtigsten Formeln der Elektrotechnik. Alle Inhalte sind \u00fcbersichtlich aufgebaut, mit Beispielen erg\u00e4nzt und ideal f\u00fcr Ausbildung, Weiterbildung und berufliche Praxis. Was dich hier erwartet Bereich Grundlagen der ElektrotechnikOhmsches Gesetz, Leistung, Energie, komplexe Gr\u00f6\u00dfen, Phasoren WechselstromtechnikImpedanzen, Admittanzen, Zeigerdiagramme, Blindleistung, Wirkleistung DrehstromsystemeStern\u2011 und Dreieckschaltung, Strang\u2011 &hellip; <a href=\"https:\/\/fseschueler12.bplaced.net\/wordpress\/\" class=\"more-link\"><span class=\"screen-reader-text\">Willkommen zu meiner Elektrotechnik\u2011Formelsammlung<\/span> weiterlesen<\/a><\/p>\n","protected":false},"author":1,"featured_media":0,"parent":0,"menu_order":0,"comment_status":"closed","ping_status":"closed","template":"page-templates\/full-width-page.php","meta":{"footnotes":""},"class_list":["post-404","page","type-page","status-publish","hentry"],"_links":{"self":[{"href":"https:\/\/fseschueler12.bplaced.net\/wordpress\/wp-json\/wp\/v2\/pages\/404","targetHints":{"allow":["GET"]}}],"collection":[{"href":"https:\/\/fseschueler12.bplaced.net\/wordpress\/wp-json\/wp\/v2\/pages"}],"about":[{"href":"https:\/\/fseschueler12.bplaced.net\/wordpress\/wp-json\/wp\/v2\/types\/page"}],"author":[{"embeddable":true,"href":"https:\/\/fseschueler12.bplaced.net\/wordpress\/wp-json\/wp\/v2\/users\/1"}],"replies":[{"embeddable":true,"href":"https:\/\/fseschueler12.bplaced.net\/wordpress\/wp-json\/wp\/v2\/comments?post=404"}],"version-history":[{"count":6,"href":"https:\/\/fseschueler12.bplaced.net\/wordpress\/wp-json\/wp\/v2\/pages\/404\/revisions"}],"predecessor-version":[{"id":517,"href":"https:\/\/fseschueler12.bplaced.net\/wordpress\/wp-json\/wp\/v2\/pages\/404\/revisions\/517"}],"wp:attachment":[{"href":"https:\/\/fseschueler12.bplaced.net\/wordpress\/wp-json\/wp\/v2\/media?parent=404"}],"curies":[{"name":"wp","href":"https:\/\/api.w.org\/{rel}","templated":true}]}}